{"id":1745,"date":"2021-05-10T10:46:24","date_gmt":"2021-05-10T10:46:24","guid":{"rendered":"http:\/\/www.nicdarkthemes.com\/themes\/seafood\/wp\/demo\/restaurant\/?page_id=1745"},"modified":"2026-03-18T21:33:08","modified_gmt":"2026-03-18T21:33:08","slug":"about","status":"publish","type":"page","link":"https:\/\/www.voices-repository.org\/pt\/about\/","title":{"rendered":"About Voices Repository"},"content":{"rendered":"<div data-elementor-type=\"wp-page\" data-elementor-id=\"1745\" class=\"elementor elementor-1745\">\n\t\t\t\t\t\t<section class=\"elementor-section elementor-top-section elementor-element elementor-element-1e60bff6 elementor-section-stretched elementor-section-boxed elementor-section-height-default elementor-section-height-default\" data-id=\"1e60bff6\" data-element_type=\"section\" data-e-type=\"section\" data-settings=\"{&quot;stretch_section&quot;:&quot;section-stretched&quot;,&quot;background_background&quot;:&quot;classic&quot;}\">\n\t\t\t\t\t\t\t<div class=\"elementor-background-overlay\"><\/div>\n\t\t\t\t\t\t\t<div class=\"elementor-container elementor-column-gap-default\">\n\t\t\t\t\t<div class=\"elementor-column elementor-col-33 elementor-top-column elementor-element elementor-element-4193c30b\" data-id=\"4193c30b\" data-element_type=\"column\" data-e-type=\"column\">\n\t\t\t<div class=\"elementor-widget-wrap\">\n\t\t\t\t\t\t\t<\/div>\n\t\t<\/div>\n\t\t\t\t<div class=\"elementor-column elementor-col-33 elementor-top-column elementor-element elementor-element-6184380e\" data-id=\"6184380e\" data-element_type=\"column\" data-e-type=\"column\">\n\t\t\t<div class=\"elementor-widget-wrap elementor-element-populated\">\n\t\t\t\t\t\t<div class=\"elementor-element elementor-element-461d2fa5 elementor-widget elementor-widget-image\" data-id=\"461d2fa5\" data-element_type=\"widget\" data-e-type=\"widget\" data-widget_type=\"image.default\">\n\t\t\t\t<div class=\"elementor-widget-container\">\n\t\t\t\t\t\t\t\t\t\t\t\t\t\t\t<img fetchpriority=\"high\" decoding=\"async\" width=\"512\" height=\"512\" src=\"https:\/\/www.voices-repository.org\/wp-content\/uploads\/2024\/11\/cropped-android-chrome-512x512-2.png\" class=\"attachment-full size-full wp-image-16121\" alt=\"\" srcset=\"https:\/\/www.voices-repository.org\/wp-content\/uploads\/2024\/11\/cropped-android-chrome-512x512-2.png 512w, https:\/\/www.voices-repository.org\/wp-content\/uploads\/2024\/11\/cropped-android-chrome-512x512-2-300x300.png 300w, https:\/\/www.voices-repository.org\/wp-content\/uploads\/2024\/11\/cropped-android-chrome-512x512-2-150x150.png 150w, https:\/\/www.voices-repository.org\/wp-content\/uploads\/2024\/11\/cropped-android-chrome-512x512-2-200x200.png 200w, https:\/\/www.voices-repository.org\/wp-content\/uploads\/2024\/11\/cropped-android-chrome-512x512-2-100x100.png 100w, https:\/\/www.voices-repository.org\/wp-content\/uploads\/2024\/11\/cropped-android-chrome-512x512-2-270x270.png 270w, https:\/\/www.voices-repository.org\/wp-content\/uploads\/2024\/11\/cropped-android-chrome-512x512-2-192x192.png 192w, https:\/\/www.voices-repository.org\/wp-content\/uploads\/2024\/11\/cropped-android-chrome-512x512-2-180x180.png 180w, https:\/\/www.voices-repository.org\/wp-content\/uploads\/2024\/11\/cropped-android-chrome-512x512-2-32x32.png 32w\" sizes=\"(max-width: 512px) 100vw, 512px\" \/>\t\t\t\t\t\t\t\t\t\t\t\t\t\t\t<\/div>\n\t\t\t\t<\/div>\n\t\t\t\t<div class=\"elementor-element elementor-element-163cda85 elementor-widget elementor-widget-heading\" data-id=\"163cda85\" data-element_type=\"widget\" data-e-type=\"widget\" data-widget_type=\"heading.default\">\n\t\t\t\t<div class=\"elementor-widget-container\">\n\t\t\t\t\t<h2 class=\"elementor-heading-title elementor-size-default\">Voices Repository<\/h2>\t\t\t\t<\/div>\n\t\t\t\t<\/div>\n\t\t\t\t<div class=\"elementor-element elementor-element-914a763 elementor-widget elementor-widget-heading\" data-id=\"914a763\" data-element_type=\"widget\" data-e-type=\"widget\" data-widget_type=\"heading.default\">\n\t\t\t\t<div class=\"elementor-widget-container\">\n\t\t\t\t\t<p class=\"elementor-heading-title elementor-size-default\">Nossa miss\u00e3o ter\u00e1 sucesso por meio da colabora\u00e7\u00e3o com linguistas do mundo todo, bem como com falantes nativos de l\u00ednguas amea\u00e7adas de extin\u00e7\u00e3o, para garantir que suas vozes sejam capturadas e preservadas com precis\u00e3o.\n<\/p>\t\t\t\t<\/div>\n\t\t\t\t<\/div>\n\t\t\t\t\t<\/div>\n\t\t<\/div>\n\t\t\t\t<div class=\"elementor-column elementor-col-33 elementor-top-column elementor-element elementor-element-30c3befb\" data-id=\"30c3befb\" data-element_type=\"column\" data-e-type=\"column\">\n\t\t\t<div class=\"elementor-widget-wrap\">\n\t\t\t\t\t\t\t<\/div>\n\t\t<\/div>\n\t\t\t\t\t<\/div>\n\t\t<\/section>\n\t\t<div class=\"elementor-element elementor-element-edea75b e-flex e-con-boxed e-con e-parent\" data-id=\"edea75b\" data-element_type=\"container\" data-e-type=\"container\">\n\t\t\t\t\t<div class=\"e-con-inner\">\n\t\t\t\t<div class=\"elementor-element elementor-element-ed87b92 elementor-widget elementor-widget-text-editor\" data-id=\"ed87b92\" data-element_type=\"widget\" data-e-type=\"widget\" data-widget_type=\"text-editor.default\">\n\t\t\t\t<div class=\"elementor-widget-container\">\n\t\t\t\t\t\t\t\t\t<h3 style=\"text-align: center;\"><strong>Miss\u00e3o<\/strong><\/h3>\n<p>\u00a0<\/p>\n<p>No Voices Repository, nossa miss\u00e3o \u00e9 preservar a rica diversidade das l\u00ednguas humanas, com foco especial naquelas com pouca ou nenhuma representa\u00e7\u00e3o digital. Por meio da coleta, documenta\u00e7\u00e3o e preserva\u00e7\u00e3o digital de l\u00ednguas, buscamos criar um arquivo duradouro que honre as vozes de comunidades ao redor do mundo.<\/p>\t\t\t\t\t\t\t\t<\/div>\n\t\t\t\t<\/div>\n\t\t\t\t<div class=\"elementor-element elementor-element-ff55ea0 elementor-widget-divider--view-line elementor-widget elementor-widget-divider\" data-id=\"ff55ea0\" data-element_type=\"widget\" data-e-type=\"widget\" data-widget_type=\"divider.default\">\n\t\t\t\t<div class=\"elementor-widget-container\">\n\t\t\t\t\t\t\t<div class=\"elementor-divider\">\n\t\t\t<span class=\"elementor-divider-separator\">\n\t\t\t\t\t\t<\/span>\n\t\t<\/div>\n\t\t\t\t\t\t<\/div>\n\t\t\t\t<\/div>\n\t\t\t\t\t<\/div>\n\t\t\t\t<\/div>\n\t\t<div class=\"elementor-element elementor-element-fb693d5 e-flex e-con-boxed e-con e-parent\" data-id=\"fb693d5\" data-element_type=\"container\" data-e-type=\"container\">\n\t\t\t\t\t<div class=\"e-con-inner\">\n\t\t\t\t<div class=\"elementor-element elementor-element-71b2905 elementor-widget elementor-widget-text-editor\" data-id=\"71b2905\" data-element_type=\"widget\" data-e-type=\"widget\" data-widget_type=\"text-editor.default\">\n\t\t\t\t<div class=\"elementor-widget-container\">\n\t\t\t\t\t\t\t\t\t<h3 style=\"text-align: center;\"><strong>Vis\u00e3o<\/strong><\/h3>\n<p><\/p>\n<p>Nossa vis\u00e3o \u00e9 um mundo onde nenhuma l\u00edngua se perca na hist\u00f3ria e onde a heran\u00e7a lingu\u00edstica de cada cultura prospere. Buscamos criar um futuro onde as l\u00ednguas n\u00e3o sejam apenas preservadas, mas ativamente celebradas, revitalizadas e integradas \u00e0 educa\u00e7\u00e3o e \u00e0 tecnologia contempor\u00e2neas. Ao construir um reposit\u00f3rio de vozes abrangente e de acesso aberto, buscamos preencher a lacuna entre culturas, apoiar a pesquisa lingu\u00edstica e inspirar esfor\u00e7os globais para proteger a diversidade lingu\u00edstica. A longo prazo, o Reposit\u00f3rio de Vozes ser\u00e1 um recurso fundamental para revitalizar l\u00ednguas, promover a compreens\u00e3o intercultural e preservar o conhecimento \u00fanico inerente a cada l\u00edngua.<\/p>\t\t\t\t\t\t\t\t<\/div>\n\t\t\t\t<\/div>\n\t\t\t\t\t<\/div>\n\t\t\t\t<\/div>\n\t\t\t\t<\/div>","protected":false},"excerpt":{"rendered":"<p>Voices Repository Our mission will succeed through collaboration with linguists worldwide, as well as with native speakers of endangered languages, to ensure their voices are accurately captured and preserved. Mission \u00a0 At Voices Repository, our mission is to preserve the rich diversity of human languages, with a particular focus on those with low to no [&hellip;]<\/p>\n","protected":false},"author":1,"featured_media":0,"parent":0,"menu_order":0,"comment_status":"closed","ping_status":"closed","template":"","meta":{"give_campaign_id":0,"footnotes":""},"class_list":["post-1745","page","type-page","status-publish","hentry"],"yoast_head":"<!-- This site is optimized with the Yoast SEO plugin v27.5 - https:\/\/yoast.com\/product\/yoast-seo-wordpress\/ -->\n<title>About Voices Repository - Voices Respository<\/title>\n<meta name=\"robots\" content=\"index, follow, max-snippet:-1, max-image-preview:large, max-video-preview:-1\" \/>\n<link rel=\"canonical\" href=\"https:\/\/www.voices-repository.org\/pt\/about\/\" \/>\n<meta property=\"og:locale\" content=\"pt_BR\" \/>\n<meta property=\"og:type\" content=\"article\" \/>\n<meta property=\"og:title\" content=\"About Voices Repository - Voices Respository\" \/>\n<meta property=\"og:description\" content=\"Voices Repository Our mission will succeed through collaboration with linguists worldwide, as well as with native speakers of endangered languages, to ensure their voices are accurately captured and preserved. Mission \u00a0 At Voices Repository, our mission is to preserve the rich diversity of human languages, with a particular focus on those with low to no [&hellip;]\" \/>\n<meta property=\"og:url\" content=\"https:\/\/www.voices-repository.org\/pt\/about\/\" \/>\n<meta property=\"og:site_name\" content=\"Voices Respository\" \/>\n<meta property=\"article:modified_time\" content=\"2026-03-18T21:33:08+00:00\" \/>\n<meta property=\"og:image\" content=\"https:\/\/www.voices-repository.org\/wp-content\/uploads\/2024\/11\/cropped-android-chrome-512x512-2.png\" \/>\n\t<meta property=\"og:image:width\" content=\"512\" \/>\n\t<meta property=\"og:image:height\" content=\"512\" \/>\n\t<meta property=\"og:image:type\" content=\"image\/png\" \/>\n<meta name=\"twitter:card\" content=\"summary_large_image\" \/>\n<meta name=\"twitter:label1\" content=\"Est. tempo de leitura\" \/>\n\t<meta name=\"twitter:data1\" content=\"1 minuto\" \/>\n<script type=\"application\/ld+json\" class=\"yoast-schema-graph\">{\"@context\":\"https:\\\/\\\/schema.org\",\"@graph\":[{\"@type\":\"WebPage\",\"@id\":\"https:\\\/\\\/www.voices-repository.org\\\/about\\\/\",\"url\":\"https:\\\/\\\/www.voices-repository.org\\\/about\\\/\",\"name\":\"About Voices Repository - Voices Respository\",\"isPartOf\":{\"@id\":\"https:\\\/\\\/www.voices-repository.org\\\/en\\\/#website\"},\"primaryImageOfPage\":{\"@id\":\"https:\\\/\\\/www.voices-repository.org\\\/about\\\/#primaryimage\"},\"image\":{\"@id\":\"https:\\\/\\\/www.voices-repository.org\\\/about\\\/#primaryimage\"},\"thumbnailUrl\":\"https:\\\/\\\/www.voices-repository.org\\\/wp-content\\\/uploads\\\/2024\\\/11\\\/cropped-android-chrome-512x512-2.png\",\"datePublished\":\"2021-05-10T10:46:24+00:00\",\"dateModified\":\"2026-03-18T21:33:08+00:00\",\"breadcrumb\":{\"@id\":\"https:\\\/\\\/www.voices-repository.org\\\/about\\\/#breadcrumb\"},\"inLanguage\":\"pt-BR\",\"potentialAction\":[{\"@type\":\"ReadAction\",\"target\":[\"https:\\\/\\\/www.voices-repository.org\\\/about\\\/\"]}]},{\"@type\":\"ImageObject\",\"inLanguage\":\"pt-BR\",\"@id\":\"https:\\\/\\\/www.voices-repository.org\\\/about\\\/#primaryimage\",\"url\":\"https:\\\/\\\/www.voices-repository.org\\\/wp-content\\\/uploads\\\/2024\\\/11\\\/cropped-android-chrome-512x512-2.png\",\"contentUrl\":\"https:\\\/\\\/www.voices-repository.org\\\/wp-content\\\/uploads\\\/2024\\\/11\\\/cropped-android-chrome-512x512-2.png\"},{\"@type\":\"BreadcrumbList\",\"@id\":\"https:\\\/\\\/www.voices-repository.org\\\/about\\\/#breadcrumb\",\"itemListElement\":[{\"@type\":\"ListItem\",\"position\":1,\"name\":\"Home\",\"item\":\"https:\\\/\\\/www.voices-repository.org\\\/\"},{\"@type\":\"ListItem\",\"position\":2,\"name\":\"About Voices Repository\"}]},{\"@type\":\"WebSite\",\"@id\":\"https:\\\/\\\/www.voices-repository.org\\\/en\\\/#website\",\"url\":\"https:\\\/\\\/www.voices-repository.org\\\/en\\\/\",\"name\":\"Voices Respository\",\"description\":\"Preserving Languages\",\"publisher\":{\"@id\":\"https:\\\/\\\/www.voices-repository.org\\\/en\\\/#organization\"},\"potentialAction\":[{\"@type\":\"SearchAction\",\"target\":{\"@type\":\"EntryPoint\",\"urlTemplate\":\"https:\\\/\\\/www.voices-repository.org\\\/en\\\/?s={search_term_string}\"},\"query-input\":{\"@type\":\"PropertyValueSpecification\",\"valueRequired\":true,\"valueName\":\"search_term_string\"}}],\"inLanguage\":\"pt-BR\"},{\"@type\":\"Organization\",\"@id\":\"https:\\\/\\\/www.voices-repository.org\\\/en\\\/#organization\",\"name\":\"Voices Respository\",\"url\":\"https:\\\/\\\/www.voices-repository.org\\\/en\\\/\",\"logo\":{\"@type\":\"ImageObject\",\"inLanguage\":\"pt-BR\",\"@id\":\"https:\\\/\\\/www.voices-repository.org\\\/en\\\/#\\\/schema\\\/logo\\\/image\\\/\",\"url\":\"https:\\\/\\\/www.voices-repository.org\\\/wp-content\\\/uploads\\\/2024\\\/12\\\/voices-repository-main-logo.png\",\"contentUrl\":\"https:\\\/\\\/www.voices-repository.org\\\/wp-content\\\/uploads\\\/2024\\\/12\\\/voices-repository-main-logo.png\",\"width\":1000,\"height\":250,\"caption\":\"Voices Respository\"},\"image\":{\"@id\":\"https:\\\/\\\/www.voices-repository.org\\\/en\\\/#\\\/schema\\\/logo\\\/image\\\/\"}}]}<\/script>\n<!-- \/ Yoast SEO plugin. -->","yoast_head_json":{"title":"About Voices Repository - Voices Respository","robots":{"index":"index","follow":"follow","max-snippet":"max-snippet:-1","max-image-preview":"max-image-preview:large","max-video-preview":"max-video-preview:-1"},"canonical":"https:\/\/www.voices-repository.org\/pt\/about\/","og_locale":"pt_BR","og_type":"article","og_title":"About Voices Repository - Voices Respository","og_description":"Voices Repository Our mission will succeed through collaboration with linguists worldwide, as well as with native speakers of endangered languages, to ensure their voices are accurately captured and preserved. Mission \u00a0 At Voices Repository, our mission is to preserve the rich diversity of human languages, with a particular focus on those with low to no [&hellip;]","og_url":"https:\/\/www.voices-repository.org\/pt\/about\/","og_site_name":"Voices Respository","article_modified_time":"2026-03-18T21:33:08+00:00","og_image":[{"width":512,"height":512,"url":"https:\/\/www.voices-repository.org\/wp-content\/uploads\/2024\/11\/cropped-android-chrome-512x512-2.png","type":"image\/png"}],"twitter_card":"summary_large_image","twitter_misc":{"Est. tempo de leitura":"1 minuto"},"schema":{"@context":"https:\/\/schema.org","@graph":[{"@type":"WebPage","@id":"https:\/\/www.voices-repository.org\/about\/","url":"https:\/\/www.voices-repository.org\/about\/","name":"About Voices Repository - Voices Respository","isPartOf":{"@id":"https:\/\/www.voices-repository.org\/en\/#website"},"primaryImageOfPage":{"@id":"https:\/\/www.voices-repository.org\/about\/#primaryimage"},"image":{"@id":"https:\/\/www.voices-repository.org\/about\/#primaryimage"},"thumbnailUrl":"https:\/\/www.voices-repository.org\/wp-content\/uploads\/2024\/11\/cropped-android-chrome-512x512-2.png","datePublished":"2021-05-10T10:46:24+00:00","dateModified":"2026-03-18T21:33:08+00:00","breadcrumb":{"@id":"https:\/\/www.voices-repository.org\/about\/#breadcrumb"},"inLanguage":"pt-BR","potentialAction":[{"@type":"ReadAction","target":["https:\/\/www.voices-repository.org\/about\/"]}]},{"@type":"ImageObject","inLanguage":"pt-BR","@id":"https:\/\/www.voices-repository.org\/about\/#primaryimage","url":"https:\/\/www.voices-repository.org\/wp-content\/uploads\/2024\/11\/cropped-android-chrome-512x512-2.png","contentUrl":"https:\/\/www.voices-repository.org\/wp-content\/uploads\/2024\/11\/cropped-android-chrome-512x512-2.png"},{"@type":"BreadcrumbList","@id":"https:\/\/www.voices-repository.org\/about\/#breadcrumb","itemListElement":[{"@type":"ListItem","position":1,"name":"Home","item":"https:\/\/www.voices-repository.org\/"},{"@type":"ListItem","position":2,"name":"About Voices Repository"}]},{"@type":"WebSite","@id":"https:\/\/www.voices-repository.org\/en\/#website","url":"https:\/\/www.voices-repository.org\/en\/","name":"Voices Respository","description":"Preserving Languages","publisher":{"@id":"https:\/\/www.voices-repository.org\/en\/#organization"},"potentialAction":[{"@type":"SearchAction","target":{"@type":"EntryPoint","urlTemplate":"https:\/\/www.voices-repository.org\/en\/?s={search_term_string}"},"query-input":{"@type":"PropertyValueSpecification","valueRequired":true,"valueName":"search_term_string"}}],"inLanguage":"pt-BR"},{"@type":"Organization","@id":"https:\/\/www.voices-repository.org\/en\/#organization","name":"Voices Respository","url":"https:\/\/www.voices-repository.org\/en\/","logo":{"@type":"ImageObject","inLanguage":"pt-BR","@id":"https:\/\/www.voices-repository.org\/en\/#\/schema\/logo\/image\/","url":"https:\/\/www.voices-repository.org\/wp-content\/uploads\/2024\/12\/voices-repository-main-logo.png","contentUrl":"https:\/\/www.voices-repository.org\/wp-content\/uploads\/2024\/12\/voices-repository-main-logo.png","width":1000,"height":250,"caption":"Voices Respository"},"image":{"@id":"https:\/\/www.voices-repository.org\/en\/#\/schema\/logo\/image\/"}}]}},"campaignId":"","_links":{"self":[{"href":"https:\/\/www.voices-repository.org\/pt\/wp-json\/wp\/v2\/pages\/1745","targetHints":{"allow":["GET"]}}],"collection":[{"href":"https:\/\/www.voices-repository.org\/pt\/wp-json\/wp\/v2\/pages"}],"about":[{"href":"https:\/\/www.voices-repository.org\/pt\/wp-json\/wp\/v2\/types\/page"}],"author":[{"embeddable":true,"href":"https:\/\/www.voices-repository.org\/pt\/wp-json\/wp\/v2\/users\/1"}],"replies":[{"embeddable":true,"href":"https:\/\/www.voices-repository.org\/pt\/wp-json\/wp\/v2\/comments?post=1745"}],"version-history":[{"count":7,"href":"https:\/\/www.voices-repository.org\/pt\/wp-json\/wp\/v2\/pages\/1745\/revisions"}],"predecessor-version":[{"id":16815,"href":"https:\/\/www.voices-repository.org\/pt\/wp-json\/wp\/v2\/pages\/1745\/revisions\/16815"}],"wp:attachment":[{"href":"https:\/\/www.voices-repository.org\/pt\/wp-json\/wp\/v2\/media?parent=1745"}],"curies":[{"name":"wp","href":"https:\/\/api.w.org\/{rel}","templated":true}]}}